{"id":1456,"date":"2024-08-22T18:44:29","date_gmt":"2024-08-22T18:44:29","guid":{"rendered":"https:\/\/www.picowines.com\/?post_type=product&#038;p=1456"},"modified":"2025-02-21T17:41:02","modified_gmt":"2025-02-21T17:41:02","slug":"arinto-dos-acores-garrafeira-75-anos","status":"publish","type":"product","link":"https:\/\/www.picowines.com\/en\/vinho\/white\/arinto-dos-acores-garrafeira-75-anos\/","title":{"rendered":"Arinto dos A\u00e7ores \u2013 Garrafeira"},"content":{"rendered":"<p>Arinto dos A\u00e7ores Garrafeira is a commemorative edition of the 75th anniversary of Picowines.<\/p>\n<p>It has an aroma of fresh grapefruit, ara\u00e7\u00e1 and lime with some notes of gunpowder and sulphur, seaweed and sea air.<\/p>\n<ul>\n<li>You may also like: <a href=\"https:\/\/www.picowines.com\/vinho\/en\/brancos\/arinto-dos-acores\/\">Arinto dos A\u00e7ores<\/a><\/li>\n<\/ul>\n","protected":false},"excerpt":{"rendered":"<p>Arinto dos A\u00e7ores Garrafeira is a commemorative edition of the 75th anniversary of Picowines. It has an aroma of fresh grapefruit, ara\u00e7\u00e1 and lime with some notes of gunpowder and sulphur, seaweed and sea air. You may also like: Arinto dos A\u00e7ores<\/p>\n","protected":false},"featured_media":1460,"template":"","meta":{"_acf_changed":false},"product_cat":[39],"product_tag":[],"class_list":{"0":"post-1456","1":"product","2":"type-product","3":"status-publish","4":"has-post-thumbnail","6":"product_cat-white","8":"first","9":"instock","10":"shipping-taxable","11":"purchasable","12":"product-type-simple"},"acf":[],"yoast_head":"<!-- This site is optimized with the Yoast SEO plugin v23.6 - https:\/\/yoast.com\/wordpress\/plugins\/seo\/ -->\n<title>Arinto dos A\u00e7ores - Garrafeira | White Wine | Picowines, Ilha do Pico Coop<\/title>\n<meta name=\"description\" content=\"Arinto dos A\u00e7ores Garrafeira has an aroma of fresh grapefruit, ara\u00e7\u00e1 and lime with some notes of gunpowder and sulphur, seaweed and sea air\" \/>\n<meta name=\"robots\" content=\"index, follow, max-snippet:-1, max-image-preview:large, max-video-preview:-1\" \/>\n<link rel=\"canonical\" href=\"https:\/\/www.picowines.com\/en\/vinho\/white\/arinto-dos-acores-garrafeira-75-anos\/\" \/>\n<meta property=\"og:locale\" content=\"en_US\" \/>\n<meta property=\"og:type\" content=\"article\" \/>\n<meta property=\"og:title\" content=\"Arinto dos A\u00e7ores - Garrafeira | White Wine | Picowines, Ilha do Pico Coop\" \/>\n<meta property=\"og:description\" content=\"Arinto dos A\u00e7ores Garrafeira has an aroma of fresh grapefruit, ara\u00e7\u00e1 and lime with some notes of gunpowder and sulphur, seaweed and sea air\" \/>\n<meta property=\"og:url\" content=\"https:\/\/www.picowines.com\/en\/vinho\/white\/arinto-dos-acores-garrafeira-75-anos\/\" \/>\n<meta property=\"og:site_name\" content=\"Picowines, Ilha do Pico Coop\" \/>\n<meta property=\"article:publisher\" content=\"https:\/\/www.facebook.com\/Picowines\/\" \/>\n<meta property=\"article:modified_time\" content=\"2025-02-21T17:41:02+00:00\" \/>\n<meta property=\"og:image\" content=\"http:\/\/www.picowines.com\/wp-content\/uploads\/2024\/08\/arinto-dos-acores-2020-edicao-comemorativa-75-anos-scaled.webp\" \/>\n\t<meta property=\"og:image:width\" content=\"699\" \/>\n\t<meta property=\"og:image:height\" content=\"2560\" \/>\n\t<meta property=\"og:image:type\" content=\"image\/webp\" \/>\n<meta name=\"twitter:card\" content=\"summary_large_image\" \/>\n<meta name=\"twitter:label1\" content=\"Est. reading time\" \/>\n\t<meta name=\"twitter:data1\" content=\"1 minute\" \/>\n<script type=\"application\/ld+json\" class=\"yoast-schema-graph\">{\"@context\":\"https:\/\/schema.org\",\"@graph\":[{\"@type\":\"WebPage\",\"@id\":\"https:\/\/www.picowines.com\/en\/vinho\/white\/arinto-dos-acores-garrafeira-75-anos\/\",\"url\":\"https:\/\/www.picowines.com\/en\/vinho\/white\/arinto-dos-acores-garrafeira-75-anos\/\",\"name\":\"Arinto dos A\u00e7ores - Garrafeira | White Wine | Picowines, Ilha do Pico Coop\",\"isPartOf\":{\"@id\":\"https:\/\/www.picowines.com\/en\/#website\"},\"primaryImageOfPage\":{\"@id\":\"https:\/\/www.picowines.com\/en\/vinho\/white\/arinto-dos-acores-garrafeira-75-anos\/#primaryimage\"},\"image\":{\"@id\":\"https:\/\/www.picowines.com\/en\/vinho\/white\/arinto-dos-acores-garrafeira-75-anos\/#primaryimage\"},\"thumbnailUrl\":\"https:\/\/www.picowines.com\/wp-content\/uploads\/2024\/08\/arinto-dos-acores-2020-edicao-comemorativa-75-anos-scaled.webp\",\"datePublished\":\"2024-08-22T18:44:29+00:00\",\"dateModified\":\"2025-02-21T17:41:02+00:00\",\"description\":\"Arinto dos A\u00e7ores Garrafeira has an aroma of fresh grapefruit, ara\u00e7\u00e1 and lime with some notes of gunpowder and sulphur, seaweed and sea air\",\"breadcrumb\":{\"@id\":\"https:\/\/www.picowines.com\/en\/vinho\/white\/arinto-dos-acores-garrafeira-75-anos\/#breadcrumb\"},\"inLanguage\":\"en-US\",\"potentialAction\":[{\"@type\":\"ReadAction\",\"target\":[\"https:\/\/www.picowines.com\/en\/vinho\/white\/arinto-dos-acores-garrafeira-75-anos\/\"]}]},{\"@type\":\"ImageObject\",\"inLanguage\":\"en-US\",\"@id\":\"https:\/\/www.picowines.com\/en\/vinho\/white\/arinto-dos-acores-garrafeira-75-anos\/#primaryimage\",\"url\":\"https:\/\/www.picowines.com\/wp-content\/uploads\/2024\/08\/arinto-dos-acores-2020-edicao-comemorativa-75-anos-scaled.webp\",\"contentUrl\":\"https:\/\/www.picowines.com\/wp-content\/uploads\/2024\/08\/arinto-dos-acores-2020-edicao-comemorativa-75-anos-scaled.webp\",\"width\":699,\"height\":2560,\"caption\":\"Vinho Arinto dos A\u00e7ores Garrafeira\"},{\"@type\":\"BreadcrumbList\",\"@id\":\"https:\/\/www.picowines.com\/en\/vinho\/white\/arinto-dos-acores-garrafeira-75-anos\/#breadcrumb\",\"itemListElement\":[{\"@type\":\"ListItem\",\"position\":1,\"name\":\"Home\",\"item\":\"https:\/\/www.picowines.com\/en\/\"},{\"@type\":\"ListItem\",\"position\":2,\"name\":\"Wines\",\"item\":\"https:\/\/www.picowines.com\/en\/wines\/\"},{\"@type\":\"ListItem\",\"position\":3,\"name\":\"Arinto dos A\u00e7ores \u2013 Garrafeira\"}]},{\"@type\":\"WebSite\",\"@id\":\"https:\/\/www.picowines.com\/en\/#website\",\"url\":\"https:\/\/www.picowines.com\/en\/\",\"name\":\"Picowines, Ilha do Pico Coop\",\"description\":\"\",\"publisher\":{\"@id\":\"https:\/\/www.picowines.com\/en\/#organization\"},\"potentialAction\":[{\"@type\":\"SearchAction\",\"target\":{\"@type\":\"EntryPoint\",\"urlTemplate\":\"https:\/\/www.picowines.com\/en\/?s={search_term_string}\"},\"query-input\":{\"@type\":\"PropertyValueSpecification\",\"valueRequired\":true,\"valueName\":\"search_term_string\"}}],\"inLanguage\":\"en-US\"},{\"@type\":\"Organization\",\"@id\":\"https:\/\/www.picowines.com\/en\/#organization\",\"name\":\"Picowines, ilha do Pico Coop.\",\"url\":\"https:\/\/www.picowines.com\/en\/\",\"logo\":{\"@type\":\"ImageObject\",\"inLanguage\":\"en-US\",\"@id\":\"https:\/\/www.picowines.com\/en\/#\/schema\/logo\/image\/\",\"url\":\"http:\/\/www.picowines.com\/wp-content\/uploads\/2020\/01\/picowines_logotipo.png\",\"contentUrl\":\"http:\/\/www.picowines.com\/wp-content\/uploads\/2020\/01\/picowines_logotipo.png\",\"width\":600,\"height\":600,\"caption\":\"Picowines, ilha do Pico Coop.\"},\"image\":{\"@id\":\"https:\/\/www.picowines.com\/en\/#\/schema\/logo\/image\/\"},\"sameAs\":[\"https:\/\/www.facebook.com\/Picowines\/\",\"https:\/\/www.instagram.com\/picowines\/\"]}]}<\/script>\n<!-- \/ Yoast SEO plugin. -->","yoast_head_json":{"title":"Arinto dos A\u00e7ores - Garrafeira | White Wine | Picowines, Ilha do Pico Coop","description":"Arinto dos A\u00e7ores Garrafeira has an aroma of fresh grapefruit, ara\u00e7\u00e1 and lime with some notes of gunpowder and sulphur, seaweed and sea air","robots":{"index":"index","follow":"follow","max-snippet":"max-snippet:-1","max-image-preview":"max-image-preview:large","max-video-preview":"max-video-preview:-1"},"canonical":"https:\/\/www.picowines.com\/en\/vinho\/white\/arinto-dos-acores-garrafeira-75-anos\/","og_locale":"en_US","og_type":"article","og_title":"Arinto dos A\u00e7ores - Garrafeira | White Wine | Picowines, Ilha do Pico Coop","og_description":"Arinto dos A\u00e7ores Garrafeira has an aroma of fresh grapefruit, ara\u00e7\u00e1 and lime with some notes of gunpowder and sulphur, seaweed and sea air","og_url":"https:\/\/www.picowines.com\/en\/vinho\/white\/arinto-dos-acores-garrafeira-75-anos\/","og_site_name":"Picowines, Ilha do Pico Coop","article_publisher":"https:\/\/www.facebook.com\/Picowines\/","article_modified_time":"2025-02-21T17:41:02+00:00","og_image":[{"width":699,"height":2560,"url":"http:\/\/www.picowines.com\/wp-content\/uploads\/2024\/08\/arinto-dos-acores-2020-edicao-comemorativa-75-anos-scaled.webp","type":"image\/webp"}],"twitter_card":"summary_large_image","twitter_misc":{"Est. reading time":"1 minute"},"schema":{"@context":"https:\/\/schema.org","@graph":[{"@type":"WebPage","@id":"https:\/\/www.picowines.com\/en\/vinho\/white\/arinto-dos-acores-garrafeira-75-anos\/","url":"https:\/\/www.picowines.com\/en\/vinho\/white\/arinto-dos-acores-garrafeira-75-anos\/","name":"Arinto dos A\u00e7ores - Garrafeira | White Wine | Picowines, Ilha do Pico Coop","isPartOf":{"@id":"https:\/\/www.picowines.com\/en\/#website"},"primaryImageOfPage":{"@id":"https:\/\/www.picowines.com\/en\/vinho\/white\/arinto-dos-acores-garrafeira-75-anos\/#primaryimage"},"image":{"@id":"https:\/\/www.picowines.com\/en\/vinho\/white\/arinto-dos-acores-garrafeira-75-anos\/#primaryimage"},"thumbnailUrl":"https:\/\/www.picowines.com\/wp-content\/uploads\/2024\/08\/arinto-dos-acores-2020-edicao-comemorativa-75-anos-scaled.webp","datePublished":"2024-08-22T18:44:29+00:00","dateModified":"2025-02-21T17:41:02+00:00","description":"Arinto dos A\u00e7ores Garrafeira has an aroma of fresh grapefruit, ara\u00e7\u00e1 and lime with some notes of gunpowder and sulphur, seaweed and sea air","breadcrumb":{"@id":"https:\/\/www.picowines.com\/en\/vinho\/white\/arinto-dos-acores-garrafeira-75-anos\/#breadcrumb"},"inLanguage":"en-US","potentialAction":[{"@type":"ReadAction","target":["https:\/\/www.picowines.com\/en\/vinho\/white\/arinto-dos-acores-garrafeira-75-anos\/"]}]},{"@type":"ImageObject","inLanguage":"en-US","@id":"https:\/\/www.picowines.com\/en\/vinho\/white\/arinto-dos-acores-garrafeira-75-anos\/#primaryimage","url":"https:\/\/www.picowines.com\/wp-content\/uploads\/2024\/08\/arinto-dos-acores-2020-edicao-comemorativa-75-anos-scaled.webp","contentUrl":"https:\/\/www.picowines.com\/wp-content\/uploads\/2024\/08\/arinto-dos-acores-2020-edicao-comemorativa-75-anos-scaled.webp","width":699,"height":2560,"caption":"Vinho Arinto dos A\u00e7ores Garrafeira"},{"@type":"BreadcrumbList","@id":"https:\/\/www.picowines.com\/en\/vinho\/white\/arinto-dos-acores-garrafeira-75-anos\/#breadcrumb","itemListElement":[{"@type":"ListItem","position":1,"name":"Home","item":"https:\/\/www.picowines.com\/en\/"},{"@type":"ListItem","position":2,"name":"Wines","item":"https:\/\/www.picowines.com\/en\/wines\/"},{"@type":"ListItem","position":3,"name":"Arinto dos A\u00e7ores \u2013 Garrafeira"}]},{"@type":"WebSite","@id":"https:\/\/www.picowines.com\/en\/#website","url":"https:\/\/www.picowines.com\/en\/","name":"Picowines, Ilha do Pico Coop","description":"","publisher":{"@id":"https:\/\/www.picowines.com\/en\/#organization"},"potentialAction":[{"@type":"SearchAction","target":{"@type":"EntryPoint","urlTemplate":"https:\/\/www.picowines.com\/en\/?s={search_term_string}"},"query-input":{"@type":"PropertyValueSpecification","valueRequired":true,"valueName":"search_term_string"}}],"inLanguage":"en-US"},{"@type":"Organization","@id":"https:\/\/www.picowines.com\/en\/#organization","name":"Picowines, ilha do Pico Coop.","url":"https:\/\/www.picowines.com\/en\/","logo":{"@type":"ImageObject","inLanguage":"en-US","@id":"https:\/\/www.picowines.com\/en\/#\/schema\/logo\/image\/","url":"http:\/\/www.picowines.com\/wp-content\/uploads\/2020\/01\/picowines_logotipo.png","contentUrl":"http:\/\/www.picowines.com\/wp-content\/uploads\/2020\/01\/picowines_logotipo.png","width":600,"height":600,"caption":"Picowines, ilha do Pico Coop."},"image":{"@id":"https:\/\/www.picowines.com\/en\/#\/schema\/logo\/image\/"},"sameAs":["https:\/\/www.facebook.com\/Picowines\/","https:\/\/www.instagram.com\/picowines\/"]}]}},"_links":{"self":[{"href":"https:\/\/www.picowines.com\/en\/wp-json\/wp\/v2\/product\/1456"}],"collection":[{"href":"https:\/\/www.picowines.com\/en\/wp-json\/wp\/v2\/product"}],"about":[{"href":"https:\/\/www.picowines.com\/en\/wp-json\/wp\/v2\/types\/product"}],"wp:featuredmedia":[{"embeddable":true,"href":"https:\/\/www.picowines.com\/en\/wp-json\/wp\/v2\/media\/1460"}],"wp:attachment":[{"href":"https:\/\/www.picowines.com\/en\/wp-json\/wp\/v2\/media?parent=1456"}],"wp:term":[{"taxonomy":"product_cat","embeddable":true,"href":"https:\/\/www.picowines.com\/en\/wp-json\/wp\/v2\/product_cat?post=1456"},{"taxonomy":"product_tag","embeddable":true,"href":"https:\/\/www.picowines.com\/en\/wp-json\/wp\/v2\/product_tag?post=1456"}],"curies":[{"name":"wp","href":"https:\/\/api.w.org\/{rel}","templated":true}]}}