{"id":1122,"date":"2021-07-16T11:07:17","date_gmt":"2021-07-16T11:07:17","guid":{"rendered":"http:\/\/www.picowines.com\/vinho\/uncategorized\/gruta-das-torres\/"},"modified":"2025-02-21T17:57:06","modified_gmt":"2025-02-21T17:57:06","slug":"gruta-das-torres","status":"publish","type":"product","link":"https:\/\/www.picowines.com\/en\/vinho\/white\/gruta-das-torres\/","title":{"rendered":"Gruta das Torres"},"content":{"rendered":"<p>Gruta das Torres is a white wine made from Arinto dos A\u00e7ores.<\/p>\n<p>This wine has fresh grapefruit, ara\u00e7\u00e1 and lime fruit, with some notes of gunpowder and sulphur, seaweed and sea air.<\/p>\n<p>After bottling, it was aged in Gruta das Torres for 15 months.<\/p>\n<ul>\n<li>You may also like: <a href=\"https:\/\/www.picowines.com\/en\/vinho\/brancos\/arinto-dos-acores-garrafeira-edicao-comemorativa-75-anos\/\">Arinto dos A\u00e7ores &#8211; Garrafeira<\/a><\/li>\n<\/ul>\n","protected":false},"excerpt":{"rendered":"<p>Gruta das Torres is a white wine made from Arinto dos A\u00e7ores. This wine has fresh grapefruit, ara\u00e7\u00e1 and lime fruit, with some notes of gunpowder and sulphur, seaweed and sea air. After bottling, it was aged in Gruta das Torres for 15 months. You may also like: Arinto dos A\u00e7ores &#8211; Garrafeira<\/p>\n","protected":false},"featured_media":1396,"template":"","meta":{"_acf_changed":false},"product_cat":[39],"product_tag":[],"class_list":{"0":"post-1122","1":"product","2":"type-product","3":"status-publish","4":"has-post-thumbnail","6":"product_cat-white","8":"first","9":"outofstock","10":"sold-individually","11":"shipping-taxable","12":"purchasable","13":"product-type-simple"},"acf":[],"yoast_head":"<!-- This site is optimized with the Yoast SEO plugin v23.6 - https:\/\/yoast.com\/wordpress\/plugins\/seo\/ -->\n<title>Gruta das Torres | White Wine | Picowines, Ilha do Pico Coop<\/title>\n<meta name=\"description\" content=\"Gruta das Torres is a white wine made from Arinto dos A\u00e7ores. After bottling, it was aged in Gruta das Torres for 15 months.\" \/>\n<meta name=\"robots\" content=\"index, follow, max-snippet:-1, max-image-preview:large, max-video-preview:-1\" \/>\n<link rel=\"canonical\" href=\"https:\/\/www.picowines.com\/en\/vinho\/white\/gruta-das-torres\/\" \/>\n<meta property=\"og:locale\" content=\"en_US\" \/>\n<meta property=\"og:type\" content=\"article\" \/>\n<meta property=\"og:title\" content=\"Gruta das Torres | White Wine | Picowines, Ilha do Pico Coop\" \/>\n<meta property=\"og:description\" content=\"Gruta das Torres is a white wine made from Arinto dos A\u00e7ores. After bottling, it was aged in Gruta das Torres for 15 months.\" \/>\n<meta property=\"og:url\" content=\"https:\/\/www.picowines.com\/en\/vinho\/white\/gruta-das-torres\/\" \/>\n<meta property=\"og:site_name\" content=\"Picowines, Ilha do Pico Coop\" \/>\n<meta property=\"article:publisher\" content=\"https:\/\/www.facebook.com\/Picowines\/\" \/>\n<meta property=\"article:modified_time\" content=\"2025-02-21T17:57:06+00:00\" \/>\n<meta property=\"og:image\" content=\"http:\/\/www.picowines.com\/wp-content\/uploads\/2024\/01\/gruta-das-torres-arinto-dos-acores_2020.png\" \/>\n\t<meta property=\"og:image:width\" content=\"1118\" \/>\n\t<meta property=\"og:image:height\" content=\"4096\" \/>\n\t<meta property=\"og:image:type\" content=\"image\/png\" \/>\n<meta name=\"twitter:card\" content=\"summary_large_image\" \/>\n<meta name=\"twitter:label1\" content=\"Est. reading time\" \/>\n\t<meta name=\"twitter:data1\" content=\"1 minute\" \/>\n<script type=\"application\/ld+json\" class=\"yoast-schema-graph\">{\"@context\":\"https:\/\/schema.org\",\"@graph\":[{\"@type\":\"WebPage\",\"@id\":\"https:\/\/www.picowines.com\/en\/vinho\/white\/gruta-das-torres\/\",\"url\":\"https:\/\/www.picowines.com\/en\/vinho\/white\/gruta-das-torres\/\",\"name\":\"Gruta das Torres | White Wine | Picowines, Ilha do Pico Coop\",\"isPartOf\":{\"@id\":\"https:\/\/www.picowines.com\/en\/#website\"},\"primaryImageOfPage\":{\"@id\":\"https:\/\/www.picowines.com\/en\/vinho\/white\/gruta-das-torres\/#primaryimage\"},\"image\":{\"@id\":\"https:\/\/www.picowines.com\/en\/vinho\/white\/gruta-das-torres\/#primaryimage\"},\"thumbnailUrl\":\"https:\/\/www.picowines.com\/wp-content\/uploads\/2024\/01\/gruta-das-torres-arinto-dos-acores_2020.png\",\"datePublished\":\"2021-07-16T11:07:17+00:00\",\"dateModified\":\"2025-02-21T17:57:06+00:00\",\"description\":\"Gruta das Torres is a white wine made from Arinto dos A\u00e7ores. After bottling, it was aged in Gruta das Torres for 15 months.\",\"breadcrumb\":{\"@id\":\"https:\/\/www.picowines.com\/en\/vinho\/white\/gruta-das-torres\/#breadcrumb\"},\"inLanguage\":\"en-US\",\"potentialAction\":[{\"@type\":\"ReadAction\",\"target\":[\"https:\/\/www.picowines.com\/en\/vinho\/white\/gruta-das-torres\/\"]}]},{\"@type\":\"ImageObject\",\"inLanguage\":\"en-US\",\"@id\":\"https:\/\/www.picowines.com\/en\/vinho\/white\/gruta-das-torres\/#primaryimage\",\"url\":\"https:\/\/www.picowines.com\/wp-content\/uploads\/2024\/01\/gruta-das-torres-arinto-dos-acores_2020.png\",\"contentUrl\":\"https:\/\/www.picowines.com\/wp-content\/uploads\/2024\/01\/gruta-das-torres-arinto-dos-acores_2020.png\",\"width\":1118,\"height\":4096,\"caption\":\"Gruta das Torres White Wine\"},{\"@type\":\"BreadcrumbList\",\"@id\":\"https:\/\/www.picowines.com\/en\/vinho\/white\/gruta-das-torres\/#breadcrumb\",\"itemListElement\":[{\"@type\":\"ListItem\",\"position\":1,\"name\":\"Home\",\"item\":\"https:\/\/www.picowines.com\/en\/\"},{\"@type\":\"ListItem\",\"position\":2,\"name\":\"Wines\",\"item\":\"https:\/\/www.picowines.com\/en\/wines\/\"},{\"@type\":\"ListItem\",\"position\":3,\"name\":\"Gruta das Torres\"}]},{\"@type\":\"WebSite\",\"@id\":\"https:\/\/www.picowines.com\/en\/#website\",\"url\":\"https:\/\/www.picowines.com\/en\/\",\"name\":\"Picowines, Ilha do Pico Coop\",\"description\":\"\",\"publisher\":{\"@id\":\"https:\/\/www.picowines.com\/en\/#organization\"},\"potentialAction\":[{\"@type\":\"SearchAction\",\"target\":{\"@type\":\"EntryPoint\",\"urlTemplate\":\"https:\/\/www.picowines.com\/en\/?s={search_term_string}\"},\"query-input\":{\"@type\":\"PropertyValueSpecification\",\"valueRequired\":true,\"valueName\":\"search_term_string\"}}],\"inLanguage\":\"en-US\"},{\"@type\":\"Organization\",\"@id\":\"https:\/\/www.picowines.com\/en\/#organization\",\"name\":\"Picowines, ilha do Pico Coop.\",\"url\":\"https:\/\/www.picowines.com\/en\/\",\"logo\":{\"@type\":\"ImageObject\",\"inLanguage\":\"en-US\",\"@id\":\"https:\/\/www.picowines.com\/en\/#\/schema\/logo\/image\/\",\"url\":\"http:\/\/www.picowines.com\/wp-content\/uploads\/2020\/01\/picowines_logotipo.png\",\"contentUrl\":\"http:\/\/www.picowines.com\/wp-content\/uploads\/2020\/01\/picowines_logotipo.png\",\"width\":600,\"height\":600,\"caption\":\"Picowines, ilha do Pico Coop.\"},\"image\":{\"@id\":\"https:\/\/www.picowines.com\/en\/#\/schema\/logo\/image\/\"},\"sameAs\":[\"https:\/\/www.facebook.com\/Picowines\/\",\"https:\/\/www.instagram.com\/picowines\/\"]}]}<\/script>\n<!-- \/ Yoast SEO plugin. -->","yoast_head_json":{"title":"Gruta das Torres | White Wine | Picowines, Ilha do Pico Coop","description":"Gruta das Torres is a white wine made from Arinto dos A\u00e7ores. After bottling, it was aged in Gruta das Torres for 15 months.","robots":{"index":"index","follow":"follow","max-snippet":"max-snippet:-1","max-image-preview":"max-image-preview:large","max-video-preview":"max-video-preview:-1"},"canonical":"https:\/\/www.picowines.com\/en\/vinho\/white\/gruta-das-torres\/","og_locale":"en_US","og_type":"article","og_title":"Gruta das Torres | White Wine | Picowines, Ilha do Pico Coop","og_description":"Gruta das Torres is a white wine made from Arinto dos A\u00e7ores. After bottling, it was aged in Gruta das Torres for 15 months.","og_url":"https:\/\/www.picowines.com\/en\/vinho\/white\/gruta-das-torres\/","og_site_name":"Picowines, Ilha do Pico Coop","article_publisher":"https:\/\/www.facebook.com\/Picowines\/","article_modified_time":"2025-02-21T17:57:06+00:00","og_image":[{"width":1118,"height":4096,"url":"http:\/\/www.picowines.com\/wp-content\/uploads\/2024\/01\/gruta-das-torres-arinto-dos-acores_2020.png","type":"image\/png"}],"twitter_card":"summary_large_image","twitter_misc":{"Est. reading time":"1 minute"},"schema":{"@context":"https:\/\/schema.org","@graph":[{"@type":"WebPage","@id":"https:\/\/www.picowines.com\/en\/vinho\/white\/gruta-das-torres\/","url":"https:\/\/www.picowines.com\/en\/vinho\/white\/gruta-das-torres\/","name":"Gruta das Torres | White Wine | Picowines, Ilha do Pico Coop","isPartOf":{"@id":"https:\/\/www.picowines.com\/en\/#website"},"primaryImageOfPage":{"@id":"https:\/\/www.picowines.com\/en\/vinho\/white\/gruta-das-torres\/#primaryimage"},"image":{"@id":"https:\/\/www.picowines.com\/en\/vinho\/white\/gruta-das-torres\/#primaryimage"},"thumbnailUrl":"https:\/\/www.picowines.com\/wp-content\/uploads\/2024\/01\/gruta-das-torres-arinto-dos-acores_2020.png","datePublished":"2021-07-16T11:07:17+00:00","dateModified":"2025-02-21T17:57:06+00:00","description":"Gruta das Torres is a white wine made from Arinto dos A\u00e7ores. After bottling, it was aged in Gruta das Torres for 15 months.","breadcrumb":{"@id":"https:\/\/www.picowines.com\/en\/vinho\/white\/gruta-das-torres\/#breadcrumb"},"inLanguage":"en-US","potentialAction":[{"@type":"ReadAction","target":["https:\/\/www.picowines.com\/en\/vinho\/white\/gruta-das-torres\/"]}]},{"@type":"ImageObject","inLanguage":"en-US","@id":"https:\/\/www.picowines.com\/en\/vinho\/white\/gruta-das-torres\/#primaryimage","url":"https:\/\/www.picowines.com\/wp-content\/uploads\/2024\/01\/gruta-das-torres-arinto-dos-acores_2020.png","contentUrl":"https:\/\/www.picowines.com\/wp-content\/uploads\/2024\/01\/gruta-das-torres-arinto-dos-acores_2020.png","width":1118,"height":4096,"caption":"Gruta das Torres White Wine"},{"@type":"BreadcrumbList","@id":"https:\/\/www.picowines.com\/en\/vinho\/white\/gruta-das-torres\/#breadcrumb","itemListElement":[{"@type":"ListItem","position":1,"name":"Home","item":"https:\/\/www.picowines.com\/en\/"},{"@type":"ListItem","position":2,"name":"Wines","item":"https:\/\/www.picowines.com\/en\/wines\/"},{"@type":"ListItem","position":3,"name":"Gruta das Torres"}]},{"@type":"WebSite","@id":"https:\/\/www.picowines.com\/en\/#website","url":"https:\/\/www.picowines.com\/en\/","name":"Picowines, Ilha do Pico Coop","description":"","publisher":{"@id":"https:\/\/www.picowines.com\/en\/#organization"},"potentialAction":[{"@type":"SearchAction","target":{"@type":"EntryPoint","urlTemplate":"https:\/\/www.picowines.com\/en\/?s={search_term_string}"},"query-input":{"@type":"PropertyValueSpecification","valueRequired":true,"valueName":"search_term_string"}}],"inLanguage":"en-US"},{"@type":"Organization","@id":"https:\/\/www.picowines.com\/en\/#organization","name":"Picowines, ilha do Pico Coop.","url":"https:\/\/www.picowines.com\/en\/","logo":{"@type":"ImageObject","inLanguage":"en-US","@id":"https:\/\/www.picowines.com\/en\/#\/schema\/logo\/image\/","url":"http:\/\/www.picowines.com\/wp-content\/uploads\/2020\/01\/picowines_logotipo.png","contentUrl":"http:\/\/www.picowines.com\/wp-content\/uploads\/2020\/01\/picowines_logotipo.png","width":600,"height":600,"caption":"Picowines, ilha do Pico Coop."},"image":{"@id":"https:\/\/www.picowines.com\/en\/#\/schema\/logo\/image\/"},"sameAs":["https:\/\/www.facebook.com\/Picowines\/","https:\/\/www.instagram.com\/picowines\/"]}]}},"_links":{"self":[{"href":"https:\/\/www.picowines.com\/en\/wp-json\/wp\/v2\/product\/1122"}],"collection":[{"href":"https:\/\/www.picowines.com\/en\/wp-json\/wp\/v2\/product"}],"about":[{"href":"https:\/\/www.picowines.com\/en\/wp-json\/wp\/v2\/types\/product"}],"wp:featuredmedia":[{"embeddable":true,"href":"https:\/\/www.picowines.com\/en\/wp-json\/wp\/v2\/media\/1396"}],"wp:attachment":[{"href":"https:\/\/www.picowines.com\/en\/wp-json\/wp\/v2\/media?parent=1122"}],"wp:term":[{"taxonomy":"product_cat","embeddable":true,"href":"https:\/\/www.picowines.com\/en\/wp-json\/wp\/v2\/product_cat?post=1122"},{"taxonomy":"product_tag","embeddable":true,"href":"https:\/\/www.picowines.com\/en\/wp-json\/wp\/v2\/product_tag?post=1122"}],"curies":[{"name":"wp","href":"https:\/\/api.w.org\/{rel}","templated":true}]}}